{"id":728,"date":"2022-11-06T12:05:59","date_gmt":"2022-11-06T12:05:59","guid":{"rendered":"https:\/\/www.tmliving.pt\/?post_type=product&#038;p=728"},"modified":"2024-03-28T12:30:42","modified_gmt":"2024-03-28T12:30:42","slug":"bright-tailor-made-apartment-by-the-castle","status":"publish","type":"product","link":"https:\/\/www.tmliving.pt\/en\/product\/bright-tailor-made-apartment-by-the-castle\/","title":{"rendered":"Bright Tailor Made Apartment by the Castle"},"content":{"rendered":"<p>Apartamento com uma vista \u00fanica sobre a cidade. \u00c9 a escolha ideal tanto para um fim-de-semana familiar, bem como para umas longas f\u00e9rias em Lisboa.<\/p>","protected":false},"excerpt":{"rendered":"<p>Apartamento com uma vista \u00fanica sobre a cidade. \u00c9 a escolha ideal tanto para um fim-de-semana familiar, bem como para umas longas f\u00e9rias em Lisboa.<\/p>","protected":false},"featured_media":760,"template":"","meta":{"_et_pb_use_builder":"on","_et_pb_old_content":"Apartamento com uma vista \u00fanica sobre a cidade. \u00c9 a escolha ideal tanto para um fim-de-semana familiar, bem como para umas longas f\u00e9rias em Lisboa.","_et_gb_content_width":""},"product_cat":[32,19],"product_tag":[34],"class_list":{"0":"post-728","1":"product","2":"type-product","3":"status-publish","4":"has-post-thumbnail","6":"product_cat-lisboa","7":"product_cat-t2","8":"product_tag-t2","10":"first","11":"instock","12":"shipping-taxable","13":"product-type-simple"},"_links":{"self":[{"href":"https:\/\/www.tmliving.pt\/en\/wp-json\/wp\/v2\/product\/728","targetHints":{"allow":["GET"]}}],"collection":[{"href":"https:\/\/www.tmliving.pt\/en\/wp-json\/wp\/v2\/product"}],"about":[{"href":"https:\/\/www.tmliving.pt\/en\/wp-json\/wp\/v2\/types\/product"}],"wp:featuredmedia":[{"embeddable":true,"href":"https:\/\/www.tmliving.pt\/en\/wp-json\/wp\/v2\/media\/760"}],"wp:attachment":[{"href":"https:\/\/www.tmliving.pt\/en\/wp-json\/wp\/v2\/media?parent=728"}],"wp:term":[{"taxonomy":"product_cat","embeddable":true,"href":"https:\/\/www.tmliving.pt\/en\/wp-json\/wp\/v2\/product_cat?post=728"},{"taxonomy":"product_tag","embeddable":true,"href":"https:\/\/www.tmliving.pt\/en\/wp-json\/wp\/v2\/product_tag?post=728"}],"curies":[{"name":"wp","href":"https:\/\/api.w.org\/{rel}","templated":true}]}}