{"id":727,"date":"2022-11-06T12:05:59","date_gmt":"2022-11-06T12:05:59","guid":{"rendered":"https:\/\/www.tmliving.pt\/?post_type=product&#038;p=727"},"modified":"2024-03-28T12:46:11","modified_gmt":"2024-03-28T12:46:11","slug":"chic-tm-penthouse-with-a-terrace-and-river-view","status":"publish","type":"product","link":"https:\/\/www.tmliving.pt\/en\/product\/chic-tm-penthouse-with-a-terrace-and-river-view\/","title":{"rendered":"Chic TM Penthouse with a Terrace and River View"},"content":{"rendered":"<p>Este apartamento solarengo tem um terra\u00e7o encantador onde pode relaxar e tomar uma bebida depois de um dia movimentado a passear por Lisboa! Est\u00e1 localizado na Lapa, a uma curta dist\u00e2ncia a p\u00e9 de muitos dos lugares mais emblem\u00e1ticos da cidade a visitar (Bas\u00edlica da Estrela, Jardim da Estrela, Museu de Arte Antiga), restaurantes e locais de vida noturna.<\/p>","protected":false},"excerpt":{"rendered":"<p>Este apartamento solarengo tem um terra\u00e7o encantador onde pode relaxar e tomar uma bebida depois de um dia movimentado a passear por Lisboa! Est\u00e1 localizado na Lapa, a uma curta dist\u00e2ncia a p\u00e9 de muitos dos lugares mais emblem\u00e1ticos da cidade a visitar (Bas\u00edlica da Estrela, Jardim da Estrela, Museu de Arte Antiga), restaurantes e [&hellip;]<\/p>","protected":false},"featured_media":790,"template":"","meta":{"_et_pb_use_builder":"on","_et_pb_old_content":"Este apartamento solarengo tem um terra\u00e7o encantador onde pode relaxar e tomar uma bebida depois de um dia movimentado a passear por Lisboa! Est\u00e1 localizado na Lapa, a uma curta dist\u00e2ncia a p\u00e9 de muitos dos lugares mais emblem\u00e1ticos da cidade a visitar (Bas\u00edlica da Estrela, Jardim da Estrela, Museu de Arte Antiga), restaurantes e locais de vida noturna.","_et_gb_content_width":""},"product_cat":[32,23],"product_tag":[35],"class_list":{"0":"post-727","1":"product","2":"type-product","3":"status-publish","4":"has-post-thumbnail","6":"product_cat-lisboa","7":"product_cat-t3","8":"product_tag-t3","10":"first","11":"instock","12":"shipping-taxable","13":"product-type-simple"},"_links":{"self":[{"href":"https:\/\/www.tmliving.pt\/en\/wp-json\/wp\/v2\/product\/727","targetHints":{"allow":["GET"]}}],"collection":[{"href":"https:\/\/www.tmliving.pt\/en\/wp-json\/wp\/v2\/product"}],"about":[{"href":"https:\/\/www.tmliving.pt\/en\/wp-json\/wp\/v2\/types\/product"}],"wp:featuredmedia":[{"embeddable":true,"href":"https:\/\/www.tmliving.pt\/en\/wp-json\/wp\/v2\/media\/790"}],"wp:attachment":[{"href":"https:\/\/www.tmliving.pt\/en\/wp-json\/wp\/v2\/media?parent=727"}],"wp:term":[{"taxonomy":"product_cat","embeddable":true,"href":"https:\/\/www.tmliving.pt\/en\/wp-json\/wp\/v2\/product_cat?post=727"},{"taxonomy":"product_tag","embeddable":true,"href":"https:\/\/www.tmliving.pt\/en\/wp-json\/wp\/v2\/product_tag?post=727"}],"curies":[{"name":"wp","href":"https:\/\/api.w.org\/{rel}","templated":true}]}}