{"id":726,"date":"2022-11-06T12:05:59","date_gmt":"2022-11-06T12:05:59","guid":{"rendered":"https:\/\/www.tmliving.pt\/?post_type=product&#038;p=726"},"modified":"2024-04-01T13:46:44","modified_gmt":"2024-04-01T13:46:44","slug":"trendy-t-m-apartament-by-the-river","status":"publish","type":"product","link":"https:\/\/www.tmliving.pt\/en\/product\/trendy-t-m-apartament-by-the-river\/","title":{"rendered":"Trendy T.M Apartament by the River"},"content":{"rendered":"<p>Este confort\u00e1vel apartamento perto do Rio Tejo \u00e9 a escolha ideal tanto para um fim-de-semana como para uma f\u00e9rias prolongadas em Lisboa.<\/p>","protected":false},"excerpt":{"rendered":"<p>Lisboa<\/p>","protected":false},"featured_media":770,"template":"","meta":{"_et_pb_use_builder":"","_et_pb_old_content":"","_et_gb_content_width":""},"product_cat":[32,19],"product_tag":[34],"class_list":{"0":"post-726","1":"product","2":"type-product","3":"status-publish","4":"has-post-thumbnail","6":"product_cat-lisboa","7":"product_cat-t2","8":"product_tag-t2","10":"first","11":"instock","12":"shipping-taxable","13":"product-type-simple"},"_links":{"self":[{"href":"https:\/\/www.tmliving.pt\/en\/wp-json\/wp\/v2\/product\/726","targetHints":{"allow":["GET"]}}],"collection":[{"href":"https:\/\/www.tmliving.pt\/en\/wp-json\/wp\/v2\/product"}],"about":[{"href":"https:\/\/www.tmliving.pt\/en\/wp-json\/wp\/v2\/types\/product"}],"wp:featuredmedia":[{"embeddable":true,"href":"https:\/\/www.tmliving.pt\/en\/wp-json\/wp\/v2\/media\/770"}],"wp:attachment":[{"href":"https:\/\/www.tmliving.pt\/en\/wp-json\/wp\/v2\/media?parent=726"}],"wp:term":[{"taxonomy":"product_cat","embeddable":true,"href":"https:\/\/www.tmliving.pt\/en\/wp-json\/wp\/v2\/product_cat?post=726"},{"taxonomy":"product_tag","embeddable":true,"href":"https:\/\/www.tmliving.pt\/en\/wp-json\/wp\/v2\/product_tag?post=726"}],"curies":[{"name":"wp","href":"https:\/\/api.w.org\/{rel}","templated":true}]}}