{"id":723,"date":"2022-11-06T12:05:58","date_gmt":"2022-11-06T12:05:58","guid":{"rendered":"https:\/\/www.tmliving.pt\/?post_type=product&#038;p=723"},"modified":"2024-03-28T15:00:39","modified_gmt":"2024-03-28T15:00:39","slug":"hip-renovated-t-m-flat-in-bairro-alto","status":"publish","type":"product","link":"https:\/\/www.tmliving.pt\/en\/product\/hip-renovated-t-m-flat-in-bairro-alto\/","title":{"rendered":"Hip &#038; Renovated T.M. Flat in Bairro Alto"},"content":{"rendered":"<p>Apartamento renovado no Bairro Alto, um dos bairros mais emblem\u00e1ticos e movimentados da cidade de Lisboa. No centro do come\u00e7o da noite de Lisboa, rodeado de bares e restaurantes onde a vida bo\u00e9mia \u00e9 quase uma obriga\u00e7\u00e3o.<\/p>","protected":false},"excerpt":{"rendered":"<p>Lisboa<\/p>","protected":false},"featured_media":748,"template":"","meta":{"_et_pb_use_builder":"","_et_pb_old_content":"","_et_gb_content_width":""},"product_cat":[32,19],"product_tag":[34],"class_list":{"0":"post-723","1":"product","2":"type-product","3":"status-publish","4":"has-post-thumbnail","6":"product_cat-lisboa","7":"product_cat-t2","8":"product_tag-t2","10":"first","11":"instock","12":"shipping-taxable","13":"product-type-simple"},"_links":{"self":[{"href":"https:\/\/www.tmliving.pt\/en\/wp-json\/wp\/v2\/product\/723","targetHints":{"allow":["GET"]}}],"collection":[{"href":"https:\/\/www.tmliving.pt\/en\/wp-json\/wp\/v2\/product"}],"about":[{"href":"https:\/\/www.tmliving.pt\/en\/wp-json\/wp\/v2\/types\/product"}],"wp:featuredmedia":[{"embeddable":true,"href":"https:\/\/www.tmliving.pt\/en\/wp-json\/wp\/v2\/media\/748"}],"wp:attachment":[{"href":"https:\/\/www.tmliving.pt\/en\/wp-json\/wp\/v2\/media?parent=723"}],"wp:term":[{"taxonomy":"product_cat","embeddable":true,"href":"https:\/\/www.tmliving.pt\/en\/wp-json\/wp\/v2\/product_cat?post=723"},{"taxonomy":"product_tag","embeddable":true,"href":"https:\/\/www.tmliving.pt\/en\/wp-json\/wp\/v2\/product_tag?post=723"}],"curies":[{"name":"wp","href":"https:\/\/api.w.org\/{rel}","templated":true}]}}