{"id":722,"date":"2022-11-06T12:05:57","date_gmt":"2022-11-06T12:05:57","guid":{"rendered":"https:\/\/www.tmliving.pt\/?post_type=product&#038;p=722"},"modified":"2024-03-28T15:07:53","modified_gmt":"2024-03-28T15:07:53","slug":"belvedere-tm-flat-with-a-magnificent-view","status":"publish","type":"product","link":"https:\/\/www.tmliving.pt\/en\/product\/belvedere-tm-flat-with-a-magnificent-view\/","title":{"rendered":"Belvedere TM Flat With a Magnificent View"},"content":{"rendered":"<p>Este confort\u00e1vel e espa\u00e7oso apartamento com uma incr\u00edvel vista para o Rio Tejo \u00e9 a escolha ideal tanto para um fim-de-semana familiar como para uma f\u00e9rias prolongadas em Lisboa.<\/p>","protected":false},"excerpt":{"rendered":"<p>Este confort\u00e1vel e espa\u00e7oso apartamento com uma incr\u00edvel vista para o Rio Tejo \u00e9 a escolha ideal tanto para um fim-de-semana familiar como para uma f\u00e9rias prolongadas em Lisboa.<\/p>","protected":false},"featured_media":729,"template":"","meta":{"_et_pb_use_builder":"","_et_pb_old_content":"","_et_gb_content_width":""},"product_cat":[32,19],"product_tag":[34],"class_list":{"0":"post-722","1":"product","2":"type-product","3":"status-publish","4":"has-post-thumbnail","6":"product_cat-lisboa","7":"product_cat-t2","8":"product_tag-t2","10":"first","11":"instock","12":"shipping-taxable","13":"product-type-simple"},"_links":{"self":[{"href":"https:\/\/www.tmliving.pt\/en\/wp-json\/wp\/v2\/product\/722","targetHints":{"allow":["GET"]}}],"collection":[{"href":"https:\/\/www.tmliving.pt\/en\/wp-json\/wp\/v2\/product"}],"about":[{"href":"https:\/\/www.tmliving.pt\/en\/wp-json\/wp\/v2\/types\/product"}],"wp:featuredmedia":[{"embeddable":true,"href":"https:\/\/www.tmliving.pt\/en\/wp-json\/wp\/v2\/media\/729"}],"wp:attachment":[{"href":"https:\/\/www.tmliving.pt\/en\/wp-json\/wp\/v2\/media?parent=722"}],"wp:term":[{"taxonomy":"product_cat","embeddable":true,"href":"https:\/\/www.tmliving.pt\/en\/wp-json\/wp\/v2\/product_cat?post=722"},{"taxonomy":"product_tag","embeddable":true,"href":"https:\/\/www.tmliving.pt\/en\/wp-json\/wp\/v2\/product_tag?post=722"}],"curies":[{"name":"wp","href":"https:\/\/api.w.org\/{rel}","templated":true}]}}