{"id":274,"date":"2022-02-25T10:04:37","date_gmt":"2022-02-25T10:04:37","guid":{"rendered":"https:\/\/www.tmliving.pt\/product\/seculo\/"},"modified":"2024-03-28T15:17:52","modified_gmt":"2024-03-28T15:17:52","slug":"spacious-tailor-made-bairro-alto","status":"publish","type":"product","link":"https:\/\/www.tmliving.pt\/en\/product\/spacious-tailor-made-bairro-alto\/","title":{"rendered":"Spacious Tailor Made Bairro Alto"},"content":{"rendered":"<p>Apartamento central e espa\u00e7oso situado num dos bairros mais hist\u00f3ricos de Lisboa, perfeito para disfrutar de uns dias com os seus amigos ou fam\u00edlia.<\/p>","protected":false},"excerpt":{"rendered":"<p>Lisboa<\/p>","protected":false},"featured_media":494,"template":"","meta":{"_et_pb_use_builder":"","_et_pb_old_content":"","_et_gb_content_width":""},"product_cat":[32,23],"product_tag":[35],"class_list":{"0":"post-274","1":"product","2":"type-product","3":"status-publish","4":"has-post-thumbnail","6":"product_cat-lisboa","7":"product_cat-t3","8":"product_tag-t3","10":"first","11":"instock","12":"shipping-taxable","13":"product-type-simple"},"_links":{"self":[{"href":"https:\/\/www.tmliving.pt\/en\/wp-json\/wp\/v2\/product\/274","targetHints":{"allow":["GET"]}}],"collection":[{"href":"https:\/\/www.tmliving.pt\/en\/wp-json\/wp\/v2\/product"}],"about":[{"href":"https:\/\/www.tmliving.pt\/en\/wp-json\/wp\/v2\/types\/product"}],"wp:featuredmedia":[{"embeddable":true,"href":"https:\/\/www.tmliving.pt\/en\/wp-json\/wp\/v2\/media\/494"}],"wp:attachment":[{"href":"https:\/\/www.tmliving.pt\/en\/wp-json\/wp\/v2\/media?parent=274"}],"wp:term":[{"taxonomy":"product_cat","embeddable":true,"href":"https:\/\/www.tmliving.pt\/en\/wp-json\/wp\/v2\/product_cat?post=274"},{"taxonomy":"product_tag","embeddable":true,"href":"https:\/\/www.tmliving.pt\/en\/wp-json\/wp\/v2\/product_tag?post=274"}],"curies":[{"name":"wp","href":"https:\/\/api.w.org\/{rel}","templated":true}]}}