{"id":273,"date":"2022-02-25T10:04:37","date_gmt":"2022-02-25T10:04:37","guid":{"rendered":"https:\/\/www.tmliving.pt\/product\/sao-bento\/"},"modified":"2024-03-28T15:23:44","modified_gmt":"2024-03-28T15:23:44","slug":"cool-tailor-made-2-bedroom-apartment","status":"publish","type":"product","link":"https:\/\/www.tmliving.pt\/en\/product\/cool-tailor-made-2-bedroom-apartment\/","title":{"rendered":"Cool Tailor Made 2 Bedroom Apartment"},"content":{"rendered":"<p>Apartamento situado no cora\u00e7\u00e3o de Lisboa, ao lado do edif\u00edcio hist\u00f3rico da Assembleia Portuguesa.<\/p>","protected":false},"excerpt":{"rendered":"<p>Lisboa<\/p>","protected":false},"featured_media":485,"template":"","meta":{"_et_pb_use_builder":"","_et_pb_old_content":"","_et_gb_content_width":""},"product_cat":[32,19],"product_tag":[34],"class_list":{"0":"post-273","1":"product","2":"type-product","3":"status-publish","4":"has-post-thumbnail","6":"product_cat-lisboa","7":"product_cat-t2","8":"product_tag-t2","10":"first","11":"instock","12":"shipping-taxable","13":"product-type-simple"},"_links":{"self":[{"href":"https:\/\/www.tmliving.pt\/en\/wp-json\/wp\/v2\/product\/273","targetHints":{"allow":["GET"]}}],"collection":[{"href":"https:\/\/www.tmliving.pt\/en\/wp-json\/wp\/v2\/product"}],"about":[{"href":"https:\/\/www.tmliving.pt\/en\/wp-json\/wp\/v2\/types\/product"}],"wp:featuredmedia":[{"embeddable":true,"href":"https:\/\/www.tmliving.pt\/en\/wp-json\/wp\/v2\/media\/485"}],"wp:attachment":[{"href":"https:\/\/www.tmliving.pt\/en\/wp-json\/wp\/v2\/media?parent=273"}],"wp:term":[{"taxonomy":"product_cat","embeddable":true,"href":"https:\/\/www.tmliving.pt\/en\/wp-json\/wp\/v2\/product_cat?post=273"},{"taxonomy":"product_tag","embeddable":true,"href":"https:\/\/www.tmliving.pt\/en\/wp-json\/wp\/v2\/product_tag?post=273"}],"curies":[{"name":"wp","href":"https:\/\/api.w.org\/{rel}","templated":true}]}}