{"id":271,"date":"2022-02-25T10:04:36","date_gmt":"2022-02-25T10:04:36","guid":{"rendered":"https:\/\/www.tmliving.pt\/product\/quartel\/"},"modified":"2024-04-01T13:44:12","modified_gmt":"2024-04-01T13:44:12","slug":"typical-and-brand-new-in-the-city-center","status":"publish","type":"product","link":"https:\/\/www.tmliving.pt\/en\/product\/typical-and-brand-new-in-the-city-center\/","title":{"rendered":"Typical and Brand New in the City Center"},"content":{"rendered":"<p>Este pequeno apartamento t\u00edpico, renovado, est\u00e1 situado num dos bairros mais trendy de Lisboa. \u00c9 o local ideal para come\u00e7ar a explorar as nossas colinas e a nossa gastronomia.<\/p>","protected":false},"excerpt":{"rendered":"<p>Lisboa<\/p>","protected":false},"featured_media":445,"template":"","meta":{"_et_pb_use_builder":"","_et_pb_old_content":"","_et_gb_content_width":""},"product_cat":[32,22],"product_tag":[33],"class_list":{"0":"post-271","1":"product","2":"type-product","3":"status-publish","4":"has-post-thumbnail","6":"product_cat-lisboa","7":"product_cat-t0","8":"product_tag-t0","10":"first","11":"instock","12":"shipping-taxable","13":"product-type-simple"},"_links":{"self":[{"href":"https:\/\/www.tmliving.pt\/en\/wp-json\/wp\/v2\/product\/271","targetHints":{"allow":["GET"]}}],"collection":[{"href":"https:\/\/www.tmliving.pt\/en\/wp-json\/wp\/v2\/product"}],"about":[{"href":"https:\/\/www.tmliving.pt\/en\/wp-json\/wp\/v2\/types\/product"}],"wp:featuredmedia":[{"embeddable":true,"href":"https:\/\/www.tmliving.pt\/en\/wp-json\/wp\/v2\/media\/445"}],"wp:attachment":[{"href":"https:\/\/www.tmliving.pt\/en\/wp-json\/wp\/v2\/media?parent=271"}],"wp:term":[{"taxonomy":"product_cat","embeddable":true,"href":"https:\/\/www.tmliving.pt\/en\/wp-json\/wp\/v2\/product_cat?post=271"},{"taxonomy":"product_tag","embeddable":true,"href":"https:\/\/www.tmliving.pt\/en\/wp-json\/wp\/v2\/product_tag?post=271"}],"curies":[{"name":"wp","href":"https:\/\/api.w.org\/{rel}","templated":true}]}}