{"id":269,"date":"2022-02-25T10:04:35","date_gmt":"2022-02-25T10:04:35","guid":{"rendered":"https:\/\/www.tmliving.pt\/product\/miguel-pais\/"},"modified":"2024-04-01T13:53:45","modified_gmt":"2024-04-01T13:53:45","slug":"sunny-apartment-in-the-heart-of-principe-rea","status":"publish","type":"product","link":"https:\/\/www.tmliving.pt\/en\/product\/sunny-apartment-in-the-heart-of-principe-rea\/","title":{"rendered":"Sunny Apartment in the Heart of Pr\u00edncipe Real"},"content":{"rendered":"<p>Apartamento luminoso no cora\u00e7\u00e3o dos bairros hist\u00f3ricos de Lisboa. Dois quartos de casal, um sof\u00e1-cama na sala, uma casa-de-banho.<\/p>","protected":false},"excerpt":{"rendered":"<p>Lisboa<\/p>","protected":false},"featured_media":529,"template":"","meta":{"_et_pb_use_builder":"","_et_pb_old_content":"","_et_gb_content_width":""},"product_cat":[32,19],"product_tag":[34],"class_list":{"0":"post-269","1":"product","2":"type-product","3":"status-publish","4":"has-post-thumbnail","6":"product_cat-lisboa","7":"product_cat-t2","8":"product_tag-t2","10":"first","11":"instock","12":"shipping-taxable","13":"product-type-simple"},"_links":{"self":[{"href":"https:\/\/www.tmliving.pt\/en\/wp-json\/wp\/v2\/product\/269","targetHints":{"allow":["GET"]}}],"collection":[{"href":"https:\/\/www.tmliving.pt\/en\/wp-json\/wp\/v2\/product"}],"about":[{"href":"https:\/\/www.tmliving.pt\/en\/wp-json\/wp\/v2\/types\/product"}],"wp:featuredmedia":[{"embeddable":true,"href":"https:\/\/www.tmliving.pt\/en\/wp-json\/wp\/v2\/media\/529"}],"wp:attachment":[{"href":"https:\/\/www.tmliving.pt\/en\/wp-json\/wp\/v2\/media?parent=269"}],"wp:term":[{"taxonomy":"product_cat","embeddable":true,"href":"https:\/\/www.tmliving.pt\/en\/wp-json\/wp\/v2\/product_cat?post=269"},{"taxonomy":"product_tag","embeddable":true,"href":"https:\/\/www.tmliving.pt\/en\/wp-json\/wp\/v2\/product_tag?post=269"}],"curies":[{"name":"wp","href":"https:\/\/api.w.org\/{rel}","templated":true}]}}