{"id":268,"date":"2022-02-25T10:04:35","date_gmt":"2022-02-25T10:04:35","guid":{"rendered":"https:\/\/www.tmliving.pt\/product\/metade\/"},"modified":"2024-04-01T13:49:55","modified_gmt":"2024-04-01T13:49:55","slug":"charming-studio-in-lisbons-center","status":"publish","type":"product","link":"https:\/\/www.tmliving.pt\/en\/product\/charming-studio-in-lisbons-center\/","title":{"rendered":"Charming Studio in Lisbon&#8217;s center"},"content":{"rendered":"<p>Este est\u00fadio muito charmoso e aconchegante no centro da cidade de Lsboa, \u00e9 ideal para viajantes em neg\u00f3cios ou lazer.<\/p>","protected":false},"excerpt":{"rendered":"<p>Lisboa<\/p>","protected":false},"featured_media":540,"template":"","meta":{"_et_pb_use_builder":"","_et_pb_old_content":"","_et_gb_content_width":""},"product_cat":[32,22],"product_tag":[33],"class_list":{"0":"post-268","1":"product","2":"type-product","3":"status-publish","4":"has-post-thumbnail","6":"product_cat-lisboa","7":"product_cat-t0","8":"product_tag-t0","10":"first","11":"instock","12":"shipping-taxable","13":"product-type-simple"},"_links":{"self":[{"href":"https:\/\/www.tmliving.pt\/en\/wp-json\/wp\/v2\/product\/268","targetHints":{"allow":["GET"]}}],"collection":[{"href":"https:\/\/www.tmliving.pt\/en\/wp-json\/wp\/v2\/product"}],"about":[{"href":"https:\/\/www.tmliving.pt\/en\/wp-json\/wp\/v2\/types\/product"}],"wp:featuredmedia":[{"embeddable":true,"href":"https:\/\/www.tmliving.pt\/en\/wp-json\/wp\/v2\/media\/540"}],"wp:attachment":[{"href":"https:\/\/www.tmliving.pt\/en\/wp-json\/wp\/v2\/media?parent=268"}],"wp:term":[{"taxonomy":"product_cat","embeddable":true,"href":"https:\/\/www.tmliving.pt\/en\/wp-json\/wp\/v2\/product_cat?post=268"},{"taxonomy":"product_tag","embeddable":true,"href":"https:\/\/www.tmliving.pt\/en\/wp-json\/wp\/v2\/product_tag?post=268"}],"curies":[{"name":"wp","href":"https:\/\/api.w.org\/{rel}","templated":true}]}}