{"id":265,"date":"2022-02-25T10:04:34","date_gmt":"2022-02-25T10:04:34","guid":{"rendered":"https:\/\/www.tmliving.pt\/product\/janelas-verdes\/"},"modified":"2024-04-01T14:01:49","modified_gmt":"2024-04-01T14:01:49","slug":"stylish-tailor-made-flat","status":"publish","type":"product","link":"https:\/\/www.tmliving.pt\/en\/product\/stylish-tailor-made-flat\/","title":{"rendered":"Stylish Tailor Made Flat"},"content":{"rendered":"<p>Apartamento muito acolhedor, localizado no cora\u00e7\u00e3o de um dos bairros hist\u00f3ricos de Lisboa. O lugar ideal para ficar com recorda\u00e7\u00f5es memor\u00e1veis da cidade, das pessoas e da comida. Este \u00e9 um apartamento pequeno, mas confort\u00e1vel, ideal para um fim de semana ou f\u00e9rias mais longas.<\/p>","protected":false},"excerpt":{"rendered":"<p>Lisboa<\/p>","protected":false},"featured_media":566,"template":"","meta":{"_et_pb_use_builder":"","_et_pb_old_content":"","_et_gb_content_width":""},"product_cat":[32,22],"product_tag":[33],"class_list":{"0":"post-265","1":"product","2":"type-product","3":"status-publish","4":"has-post-thumbnail","6":"product_cat-lisboa","7":"product_cat-t0","8":"product_tag-t0","10":"first","11":"instock","12":"shipping-taxable","13":"product-type-simple"},"_links":{"self":[{"href":"https:\/\/www.tmliving.pt\/en\/wp-json\/wp\/v2\/product\/265","targetHints":{"allow":["GET"]}}],"collection":[{"href":"https:\/\/www.tmliving.pt\/en\/wp-json\/wp\/v2\/product"}],"about":[{"href":"https:\/\/www.tmliving.pt\/en\/wp-json\/wp\/v2\/types\/product"}],"wp:featuredmedia":[{"embeddable":true,"href":"https:\/\/www.tmliving.pt\/en\/wp-json\/wp\/v2\/media\/566"}],"wp:attachment":[{"href":"https:\/\/www.tmliving.pt\/en\/wp-json\/wp\/v2\/media?parent=265"}],"wp:term":[{"taxonomy":"product_cat","embeddable":true,"href":"https:\/\/www.tmliving.pt\/en\/wp-json\/wp\/v2\/product_cat?post=265"},{"taxonomy":"product_tag","embeddable":true,"href":"https:\/\/www.tmliving.pt\/en\/wp-json\/wp\/v2\/product_tag?post=265"}],"curies":[{"name":"wp","href":"https:\/\/api.w.org\/{rel}","templated":true}]}}