{"id":264,"date":"2022-02-25T10:04:33","date_gmt":"2022-02-25T10:04:33","guid":{"rendered":"https:\/\/www.tmliving.pt\/product\/graca\/"},"modified":"2024-04-01T14:04:33","modified_gmt":"2024-04-01T14:04:33","slug":"typical-apartment-in-central-graca","status":"publish","type":"product","link":"https:\/\/www.tmliving.pt\/en\/product\/typical-apartment-in-central-graca\/","title":{"rendered":"Typical apartment in central Gra\u00e7a"},"content":{"rendered":"<p>Um apartamento t\u00edpico mesmo no centro de um dos bairros mais t\u00edpicos da Lisboa antiga &#8211; a Gra\u00e7a. Mesmo ao lado da famosa paragem do el\u00e9trico 28, do Castelo e de dois dos melhores miradouros de Lisboa (Santa Catarina e Nossa Senhora do Monte).<\/p>","protected":false},"excerpt":{"rendered":"<p>Lisboa<\/p>","protected":false},"featured_media":589,"template":"","meta":{"_et_pb_use_builder":"","_et_pb_old_content":"","_et_gb_content_width":""},"product_cat":[32,18],"product_tag":[36],"class_list":{"0":"post-264","1":"product","2":"type-product","3":"status-publish","4":"has-post-thumbnail","6":"product_cat-lisboa","7":"product_cat-t1","8":"product_tag-t1","10":"first","11":"instock","12":"shipping-taxable","13":"product-type-simple"},"_links":{"self":[{"href":"https:\/\/www.tmliving.pt\/en\/wp-json\/wp\/v2\/product\/264","targetHints":{"allow":["GET"]}}],"collection":[{"href":"https:\/\/www.tmliving.pt\/en\/wp-json\/wp\/v2\/product"}],"about":[{"href":"https:\/\/www.tmliving.pt\/en\/wp-json\/wp\/v2\/types\/product"}],"wp:featuredmedia":[{"embeddable":true,"href":"https:\/\/www.tmliving.pt\/en\/wp-json\/wp\/v2\/media\/589"}],"wp:attachment":[{"href":"https:\/\/www.tmliving.pt\/en\/wp-json\/wp\/v2\/media?parent=264"}],"wp:term":[{"taxonomy":"product_cat","embeddable":true,"href":"https:\/\/www.tmliving.pt\/en\/wp-json\/wp\/v2\/product_cat?post=264"},{"taxonomy":"product_tag","embeddable":true,"href":"https:\/\/www.tmliving.pt\/en\/wp-json\/wp\/v2\/product_tag?post=264"}],"curies":[{"name":"wp","href":"https:\/\/api.w.org\/{rel}","templated":true}]}}