{"id":263,"date":"2022-02-25T10:04:33","date_gmt":"2022-02-25T10:04:33","guid":{"rendered":"https:\/\/www.tmliving.pt\/product\/garcia-de-orta\/"},"modified":"2024-04-01T14:06:13","modified_gmt":"2024-04-01T14:06:13","slug":"chic-trendy-t-m-flat","status":"publish","type":"product","link":"https:\/\/www.tmliving.pt\/en\/product\/chic-trendy-t-m-flat\/","title":{"rendered":"Chic &#038; Trendy T.M. Flat"},"content":{"rendered":"<p>Se voc\u00ea quer um lugar tranquilo e charmoso para ficar em Lisboa, voc\u00ea veio ao apartamento certo. Est\u00e1 localizado em um bairro tradicional com caf\u00e9s, mercearias e restaurantes. Apenas a 5 minutos a p\u00e9, voc\u00ea encontrar\u00e1 bares e restaurantes para uma noite divertida na cidade.<\/p>","protected":false},"excerpt":{"rendered":"<p>Lisboa<\/p>","protected":false},"featured_media":574,"template":"","meta":{"_et_pb_use_builder":"","_et_pb_old_content":"","_et_gb_content_width":""},"product_cat":[32,18],"product_tag":[36],"class_list":{"0":"post-263","1":"product","2":"type-product","3":"status-publish","4":"has-post-thumbnail","6":"product_cat-lisboa","7":"product_cat-t1","8":"product_tag-t1","10":"first","11":"instock","12":"shipping-taxable","13":"product-type-simple"},"_links":{"self":[{"href":"https:\/\/www.tmliving.pt\/en\/wp-json\/wp\/v2\/product\/263","targetHints":{"allow":["GET"]}}],"collection":[{"href":"https:\/\/www.tmliving.pt\/en\/wp-json\/wp\/v2\/product"}],"about":[{"href":"https:\/\/www.tmliving.pt\/en\/wp-json\/wp\/v2\/types\/product"}],"wp:featuredmedia":[{"embeddable":true,"href":"https:\/\/www.tmliving.pt\/en\/wp-json\/wp\/v2\/media\/574"}],"wp:attachment":[{"href":"https:\/\/www.tmliving.pt\/en\/wp-json\/wp\/v2\/media?parent=263"}],"wp:term":[{"taxonomy":"product_cat","embeddable":true,"href":"https:\/\/www.tmliving.pt\/en\/wp-json\/wp\/v2\/product_cat?post=263"},{"taxonomy":"product_tag","embeddable":true,"href":"https:\/\/www.tmliving.pt\/en\/wp-json\/wp\/v2\/product_tag?post=263"}],"curies":[{"name":"wp","href":"https:\/\/api.w.org\/{rel}","templated":true}]}}