{"id":262,"date":"2022-02-25T10:04:33","date_gmt":"2022-02-25T10:04:33","guid":{"rendered":"https:\/\/www.tmliving.pt\/product\/flores\/"},"modified":"2024-04-01T14:07:27","modified_gmt":"2024-04-01T14:07:27","slug":"cozy-tailor-made-with-a-refreshing-terrace","status":"publish","type":"product","link":"https:\/\/www.tmliving.pt\/en\/product\/cozy-tailor-made-with-a-refreshing-terrace\/","title":{"rendered":"Cozy Tailor Made With a Refreshing Terrace"},"content":{"rendered":"<p>Apartamento central e acolhedor, com um refrescante terra\u00e7o situado num dos bairros mais hist\u00f3ricos de Lisboa, na Pra\u00e7a das Flores.<\/p>","protected":false},"excerpt":{"rendered":"<p>Lisboa<\/p>","protected":false},"featured_media":582,"template":"","meta":{"_et_pb_use_builder":"","_et_pb_old_content":"","_et_gb_content_width":""},"product_cat":[32,18],"product_tag":[36],"class_list":{"0":"post-262","1":"product","2":"type-product","3":"status-publish","4":"has-post-thumbnail","6":"product_cat-lisboa","7":"product_cat-t1","8":"product_tag-t1","10":"first","11":"instock","12":"shipping-taxable","13":"product-type-simple"},"_links":{"self":[{"href":"https:\/\/www.tmliving.pt\/en\/wp-json\/wp\/v2\/product\/262","targetHints":{"allow":["GET"]}}],"collection":[{"href":"https:\/\/www.tmliving.pt\/en\/wp-json\/wp\/v2\/product"}],"about":[{"href":"https:\/\/www.tmliving.pt\/en\/wp-json\/wp\/v2\/types\/product"}],"wp:featuredmedia":[{"embeddable":true,"href":"https:\/\/www.tmliving.pt\/en\/wp-json\/wp\/v2\/media\/582"}],"wp:attachment":[{"href":"https:\/\/www.tmliving.pt\/en\/wp-json\/wp\/v2\/media?parent=262"}],"wp:term":[{"taxonomy":"product_cat","embeddable":true,"href":"https:\/\/www.tmliving.pt\/en\/wp-json\/wp\/v2\/product_cat?post=262"},{"taxonomy":"product_tag","embeddable":true,"href":"https:\/\/www.tmliving.pt\/en\/wp-json\/wp\/v2\/product_tag?post=262"}],"curies":[{"name":"wp","href":"https:\/\/api.w.org\/{rel}","templated":true}]}}