{"id":259,"date":"2022-02-25T10:04:31","date_gmt":"2022-02-25T10:04:31","guid":{"rendered":"https:\/\/www.tmliving.pt\/product\/cecilio\/"},"modified":"2024-04-01T14:12:04","modified_gmt":"2024-04-01T14:12:04","slug":"principe-real-with-a-charming-view","status":"publish","type":"product","link":"https:\/\/www.tmliving.pt\/en\/product\/principe-real-with-a-charming-view\/","title":{"rendered":"Principe Real with a Charming View"},"content":{"rendered":"<p>Situado perto do cora\u00e7\u00e3o da Cidade Velha de Lisboa, no Pr\u00edncipe Real, a poucos passos do Parlamento e a 5 minutos a p\u00e9 do Bairro Alto &#8211; um Bairro de bares e restaurantes animados<\/p>","protected":false},"excerpt":{"rendered":"<p>Lisboa<\/p>","protected":false},"featured_media":605,"template":"","meta":{"_et_pb_use_builder":"","_et_pb_old_content":"","_et_gb_content_width":""},"product_cat":[32,18],"product_tag":[36],"class_list":{"0":"post-259","1":"product","2":"type-product","3":"status-publish","4":"has-post-thumbnail","6":"product_cat-lisboa","7":"product_cat-t1","8":"product_tag-t1","10":"first","11":"instock","12":"shipping-taxable","13":"product-type-simple"},"_links":{"self":[{"href":"https:\/\/www.tmliving.pt\/en\/wp-json\/wp\/v2\/product\/259","targetHints":{"allow":["GET"]}}],"collection":[{"href":"https:\/\/www.tmliving.pt\/en\/wp-json\/wp\/v2\/product"}],"about":[{"href":"https:\/\/www.tmliving.pt\/en\/wp-json\/wp\/v2\/types\/product"}],"wp:featuredmedia":[{"embeddable":true,"href":"https:\/\/www.tmliving.pt\/en\/wp-json\/wp\/v2\/media\/605"}],"wp:attachment":[{"href":"https:\/\/www.tmliving.pt\/en\/wp-json\/wp\/v2\/media?parent=259"}],"wp:term":[{"taxonomy":"product_cat","embeddable":true,"href":"https:\/\/www.tmliving.pt\/en\/wp-json\/wp\/v2\/product_cat?post=259"},{"taxonomy":"product_tag","embeddable":true,"href":"https:\/\/www.tmliving.pt\/en\/wp-json\/wp\/v2\/product_tag?post=259"}],"curies":[{"name":"wp","href":"https:\/\/api.w.org\/{rel}","templated":true}]}}