{"id":253,"date":"2022-02-25T10:04:29","date_gmt":"2022-02-25T10:04:29","guid":{"rendered":"https:\/\/www.tmliving.pt\/product\/alfama-azul\/"},"modified":"2024-04-01T14:18:11","modified_gmt":"2024-04-01T14:18:11","slug":"alfama-tailor-made-blue-house-with-a-view-1","status":"publish","type":"product","link":"https:\/\/www.tmliving.pt\/en\/product\/alfama-tailor-made-blue-house-with-a-view-1\/","title":{"rendered":"Alfama Tailor Made Blue House With a View #1"},"content":{"rendered":"<p>Apartamento com uma vista \u00fanica sobre a cidade. \u00c9 a escolha ideal para um fim-de-semana, ou para umas f\u00e9rias em Lisboa.<\/p>","protected":false},"excerpt":{"rendered":"<p>Lisboa<\/p>","protected":false},"featured_media":646,"template":"","meta":{"_et_pb_use_builder":"","_et_pb_old_content":"","_et_gb_content_width":""},"product_cat":[32,18],"product_tag":[36],"class_list":{"0":"post-253","1":"product","2":"type-product","3":"status-publish","4":"has-post-thumbnail","6":"product_cat-lisboa","7":"product_cat-t1","8":"product_tag-t1","10":"first","11":"instock","12":"shipping-taxable","13":"product-type-simple"},"_links":{"self":[{"href":"https:\/\/www.tmliving.pt\/en\/wp-json\/wp\/v2\/product\/253","targetHints":{"allow":["GET"]}}],"collection":[{"href":"https:\/\/www.tmliving.pt\/en\/wp-json\/wp\/v2\/product"}],"about":[{"href":"https:\/\/www.tmliving.pt\/en\/wp-json\/wp\/v2\/types\/product"}],"wp:featuredmedia":[{"embeddable":true,"href":"https:\/\/www.tmliving.pt\/en\/wp-json\/wp\/v2\/media\/646"}],"wp:attachment":[{"href":"https:\/\/www.tmliving.pt\/en\/wp-json\/wp\/v2\/media?parent=253"}],"wp:term":[{"taxonomy":"product_cat","embeddable":true,"href":"https:\/\/www.tmliving.pt\/en\/wp-json\/wp\/v2\/product_cat?post=253"},{"taxonomy":"product_tag","embeddable":true,"href":"https:\/\/www.tmliving.pt\/en\/wp-json\/wp\/v2\/product_tag?post=253"}],"curies":[{"name":"wp","href":"https:\/\/api.w.org\/{rel}","templated":true}]}}