{"id":252,"date":"2022-02-25T10:04:29","date_gmt":"2022-02-25T10:04:29","guid":{"rendered":"https:\/\/www.tmliving.pt\/product\/alecrim-5\/"},"modified":"2024-04-01T14:23:49","modified_gmt":"2024-04-01T14:23:49","slug":"luxury-t-m-penthouse-with-a-view","status":"publish","type":"product","link":"https:\/\/www.tmliving.pt\/en\/product\/luxury-t-m-penthouse-with-a-view\/","title":{"rendered":"Luxury T.M. Penthouse with a View"},"content":{"rendered":"<p>Este acolhedor e moderno apartamento no \u00faltimo andar tem tr\u00eas quartos e casas de banho com muita luz natural e uma excelente vista para o rio Tejo. Pode albergar at\u00e9 6 pessoas, o que o torna ideal para fam\u00edlias numerosas ou grandes grupos de amigos que procuram uma localiza\u00e7\u00e3o central e elegante em Lisboa. Disp\u00f5e de uma cozinha totalmente equipada, televis\u00e3o por cabo, internet de banda larga sem fios e ar condicionado!<\/p>","protected":false},"excerpt":{"rendered":"<p>Lisboa<\/p>","protected":false},"featured_media":653,"template":"","meta":{"_et_pb_use_builder":"","_et_pb_old_content":"","_et_gb_content_width":""},"product_cat":[32,23],"product_tag":[35],"class_list":{"0":"post-252","1":"product","2":"type-product","3":"status-publish","4":"has-post-thumbnail","6":"product_cat-lisboa","7":"product_cat-t3","8":"product_tag-t3","10":"first","11":"instock","12":"shipping-taxable","13":"product-type-simple"},"_links":{"self":[{"href":"https:\/\/www.tmliving.pt\/en\/wp-json\/wp\/v2\/product\/252","targetHints":{"allow":["GET"]}}],"collection":[{"href":"https:\/\/www.tmliving.pt\/en\/wp-json\/wp\/v2\/product"}],"about":[{"href":"https:\/\/www.tmliving.pt\/en\/wp-json\/wp\/v2\/types\/product"}],"wp:featuredmedia":[{"embeddable":true,"href":"https:\/\/www.tmliving.pt\/en\/wp-json\/wp\/v2\/media\/653"}],"wp:attachment":[{"href":"https:\/\/www.tmliving.pt\/en\/wp-json\/wp\/v2\/media?parent=252"}],"wp:term":[{"taxonomy":"product_cat","embeddable":true,"href":"https:\/\/www.tmliving.pt\/en\/wp-json\/wp\/v2\/product_cat?post=252"},{"taxonomy":"product_tag","embeddable":true,"href":"https:\/\/www.tmliving.pt\/en\/wp-json\/wp\/v2\/product_tag?post=252"}],"curies":[{"name":"wp","href":"https:\/\/api.w.org\/{rel}","templated":true}]}}