{"id":250,"date":"2022-02-25T10:04:28","date_gmt":"2022-02-25T10:04:28","guid":{"rendered":"https:\/\/www.tmliving.pt\/product\/alcantara\/"},"modified":"2024-04-01T14:27:20","modified_gmt":"2024-04-01T14:27:20","slug":"hip-t-m-studio","status":"publish","type":"product","link":"https:\/\/www.tmliving.pt\/en\/product\/hip-t-m-studio\/","title":{"rendered":"Hip T. M. Studio"},"content":{"rendered":"<p>Este pequeno mas confort\u00e1vel apartamento est\u00fadio \u00e9 a escolha ideal tanto para um fim de semana como para umas f\u00e9rias mais longas em Lisboa.<\/p>","protected":false},"excerpt":{"rendered":"<p>Lisboa<\/p>","protected":false},"featured_media":803,"template":"","meta":{"_et_pb_use_builder":"","_et_pb_old_content":"","_et_gb_content_width":""},"product_cat":[32,22],"product_tag":[33],"class_list":{"0":"post-250","1":"product","2":"type-product","3":"status-publish","4":"has-post-thumbnail","6":"product_cat-lisboa","7":"product_cat-t0","8":"product_tag-t0","10":"first","11":"instock","12":"shipping-taxable","13":"product-type-simple"},"_links":{"self":[{"href":"https:\/\/www.tmliving.pt\/en\/wp-json\/wp\/v2\/product\/250","targetHints":{"allow":["GET"]}}],"collection":[{"href":"https:\/\/www.tmliving.pt\/en\/wp-json\/wp\/v2\/product"}],"about":[{"href":"https:\/\/www.tmliving.pt\/en\/wp-json\/wp\/v2\/types\/product"}],"wp:featuredmedia":[{"embeddable":true,"href":"https:\/\/www.tmliving.pt\/en\/wp-json\/wp\/v2\/media\/803"}],"wp:attachment":[{"href":"https:\/\/www.tmliving.pt\/en\/wp-json\/wp\/v2\/media?parent=250"}],"wp:term":[{"taxonomy":"product_cat","embeddable":true,"href":"https:\/\/www.tmliving.pt\/en\/wp-json\/wp\/v2\/product_cat?post=250"},{"taxonomy":"product_tag","embeddable":true,"href":"https:\/\/www.tmliving.pt\/en\/wp-json\/wp\/v2\/product_tag?post=250"}],"curies":[{"name":"wp","href":"https:\/\/api.w.org\/{rel}","templated":true}]}}