{"id":1229,"date":"2024-04-02T09:21:28","date_gmt":"2024-04-02T09:21:28","guid":{"rendered":"https:\/\/www.tmliving.pt\/?post_type=product&#038;p=1229"},"modified":"2024-04-02T09:59:23","modified_gmt":"2024-04-02T09:59:23","slug":"amazing-tailor-made-penthouse-by-the-beach-1","status":"publish","type":"product","link":"https:\/\/www.tmliving.pt\/en\/product\/amazing-tailor-made-penthouse-by-the-beach-1\/","title":{"rendered":"Amazing Tailor Made Penthouse by the Beach #1"},"content":{"rendered":"<p>Pode contar com uma varanda espa\u00e7osa com assentos e uma mesa para desfrutar das noites mais quentes e dos dias ao sol. Situado no cora\u00e7\u00e3o da Nova School of Business and Economics, em Carcavelos, Oeiras. A poucos minutos da praia e com uma varanda para aproveitar as noites quentes e os dias de sol. Este apartamento, com ch\u00e3o de madeira e materiais de primeira qualidade, tem uma bela vista sobre Carcavelos para tornar o seu p\u00f4r do sol inesquec\u00edvel. Encontrar\u00e1 tamb\u00e9m uma cozinha bem equipada, bem como uma televis\u00e3o por cabo e uma liga\u00e7\u00e3o \u00e0 Internet sem fios de banda larga.<\/p>","protected":false},"excerpt":{"rendered":"<p>Oeiras<\/p>","protected":false},"featured_media":1231,"template":"","meta":{"_et_pb_use_builder":"","_et_pb_old_content":"","_et_gb_content_width":""},"product_cat":[39,18],"product_tag":[36],"class_list":{"0":"post-1229","1":"product","2":"type-product","3":"status-publish","4":"has-post-thumbnail","6":"product_cat-costa-do-sol","7":"product_cat-t1","8":"product_tag-t1","10":"first","11":"instock","12":"shipping-taxable","13":"product-type-simple"},"_links":{"self":[{"href":"https:\/\/www.tmliving.pt\/en\/wp-json\/wp\/v2\/product\/1229","targetHints":{"allow":["GET"]}}],"collection":[{"href":"https:\/\/www.tmliving.pt\/en\/wp-json\/wp\/v2\/product"}],"about":[{"href":"https:\/\/www.tmliving.pt\/en\/wp-json\/wp\/v2\/types\/product"}],"wp:featuredmedia":[{"embeddable":true,"href":"https:\/\/www.tmliving.pt\/en\/wp-json\/wp\/v2\/media\/1231"}],"wp:attachment":[{"href":"https:\/\/www.tmliving.pt\/en\/wp-json\/wp\/v2\/media?parent=1229"}],"wp:term":[{"taxonomy":"product_cat","embeddable":true,"href":"https:\/\/www.tmliving.pt\/en\/wp-json\/wp\/v2\/product_cat?post=1229"},{"taxonomy":"product_tag","embeddable":true,"href":"https:\/\/www.tmliving.pt\/en\/wp-json\/wp\/v2\/product_tag?post=1229"}],"curies":[{"name":"wp","href":"https:\/\/api.w.org\/{rel}","templated":true}]}}