{"id":1208,"date":"2024-04-01T15:41:05","date_gmt":"2024-04-01T15:41:05","guid":{"rendered":"https:\/\/www.tmliving.pt\/?post_type=product&#038;p=1208"},"modified":"2024-04-01T15:53:36","modified_gmt":"2024-04-01T15:53:36","slug":"casa-de-santo-antonio","status":"publish","type":"product","link":"https:\/\/www.tmliving.pt\/en\/product\/casa-de-santo-antonio\/","title":{"rendered":"Casa de Santo Ant\u00f3nio"},"content":{"rendered":"<p>Fuja para a beleza serena de Galamares, Sintra, e experimente a magia do Portugal rural como nunca antes. A nossa encantadora casa de campo oferece a combina\u00e7\u00e3o perfeita entre o charme r\u00fastico e o conforto moderno, tornando-a um ref\u00fagio ideal para quem procura tranquilidade e beleza natural.<\/p>","protected":false},"excerpt":{"rendered":"<p>Fuja para a beleza serena de Galamares, Sintra, e experimente a magia do Portugal rural como nunca antes. A nossa encantadora casa de campo oferece a combina\u00e7\u00e3o perfeita entre o charme r\u00fastico e o conforto moderno, tornando-a um ref\u00fagio ideal para quem procura tranquilidade e beleza natural.<\/p>","protected":false},"featured_media":1212,"template":"","meta":{"_et_pb_use_builder":"","_et_pb_old_content":"","_et_gb_content_width":""},"product_cat":[40,23],"product_tag":[35],"class_list":{"0":"post-1208","1":"product","2":"type-product","3":"status-publish","4":"has-post-thumbnail","6":"product_cat-praia-grande","7":"product_cat-t3","8":"product_tag-t3","10":"first","11":"instock","12":"shipping-taxable","13":"product-type-simple"},"_links":{"self":[{"href":"https:\/\/www.tmliving.pt\/en\/wp-json\/wp\/v2\/product\/1208","targetHints":{"allow":["GET"]}}],"collection":[{"href":"https:\/\/www.tmliving.pt\/en\/wp-json\/wp\/v2\/product"}],"about":[{"href":"https:\/\/www.tmliving.pt\/en\/wp-json\/wp\/v2\/types\/product"}],"wp:featuredmedia":[{"embeddable":true,"href":"https:\/\/www.tmliving.pt\/en\/wp-json\/wp\/v2\/media\/1212"}],"wp:attachment":[{"href":"https:\/\/www.tmliving.pt\/en\/wp-json\/wp\/v2\/media?parent=1208"}],"wp:term":[{"taxonomy":"product_cat","embeddable":true,"href":"https:\/\/www.tmliving.pt\/en\/wp-json\/wp\/v2\/product_cat?post=1208"},{"taxonomy":"product_tag","embeddable":true,"href":"https:\/\/www.tmliving.pt\/en\/wp-json\/wp\/v2\/product_tag?post=1208"}],"curies":[{"name":"wp","href":"https:\/\/api.w.org\/{rel}","templated":true}]}}