{"id":1188,"date":"2024-04-01T14:47:43","date_gmt":"2024-04-01T14:47:43","guid":{"rendered":"https:\/\/www.tmliving.pt\/?post_type=product&#038;p=1188"},"modified":"2024-04-01T15:45:05","modified_gmt":"2024-04-01T15:45:05","slug":"charming-cottage-in-almocageme","status":"publish","type":"product","link":"https:\/\/www.tmliving.pt\/en\/product\/charming-cottage-in-almocageme\/","title":{"rendered":"Charming Cottage in Almo\u00e7ageme"},"content":{"rendered":"<p>Esta encantadora e espa\u00e7osa casa tipo &#8220;Cottage&#8221; \u00e9 a escolha ideal tanto para um fim de semana como para umas f\u00e9rias longas em Colares.<\/p>","protected":false},"excerpt":{"rendered":"<p>Esta encantadora e espa\u00e7osa casa tipo &#8220;Cottage&#8221; \u00e9 a escolha ideal tanto para um fim de semana como para umas f\u00e9rias longas em Colares.<\/p>","protected":false},"featured_media":1205,"template":"","meta":{"_et_pb_use_builder":"","_et_pb_old_content":"","_et_gb_content_width":""},"product_cat":[40,23],"product_tag":[35],"class_list":{"0":"post-1188","1":"product","2":"type-product","3":"status-publish","4":"has-post-thumbnail","6":"product_cat-praia-grande","7":"product_cat-t3","8":"product_tag-t3","10":"first","11":"instock","12":"shipping-taxable","13":"product-type-simple"},"_links":{"self":[{"href":"https:\/\/www.tmliving.pt\/en\/wp-json\/wp\/v2\/product\/1188","targetHints":{"allow":["GET"]}}],"collection":[{"href":"https:\/\/www.tmliving.pt\/en\/wp-json\/wp\/v2\/product"}],"about":[{"href":"https:\/\/www.tmliving.pt\/en\/wp-json\/wp\/v2\/types\/product"}],"wp:featuredmedia":[{"embeddable":true,"href":"https:\/\/www.tmliving.pt\/en\/wp-json\/wp\/v2\/media\/1205"}],"wp:attachment":[{"href":"https:\/\/www.tmliving.pt\/en\/wp-json\/wp\/v2\/media?parent=1188"}],"wp:term":[{"taxonomy":"product_cat","embeddable":true,"href":"https:\/\/www.tmliving.pt\/en\/wp-json\/wp\/v2\/product_cat?post=1188"},{"taxonomy":"product_tag","embeddable":true,"href":"https:\/\/www.tmliving.pt\/en\/wp-json\/wp\/v2\/product_tag?post=1188"}],"curies":[{"name":"wp","href":"https:\/\/api.w.org\/{rel}","templated":true}]}}