{"id":1174,"date":"2024-04-01T14:28:22","date_gmt":"2024-04-01T14:28:22","guid":{"rendered":"https:\/\/www.tmliving.pt\/?post_type=product&#038;p=1174"},"modified":"2024-04-01T14:33:51","modified_gmt":"2024-04-01T14:33:51","slug":"typical-tm-flat-with-a-balcony-and-sea-view-in-vsr","status":"publish","type":"product","link":"https:\/\/www.tmliving.pt\/en\/product\/typical-tm-flat-with-a-balcony-and-sea-view-in-vsr\/","title":{"rendered":"Typical TM Flat with a Balcony and Sea View in VSR #118B"},"content":{"rendered":"<p><span data-sheets-root=\"1\" data-sheets-value=\"{\" data-sheets-userformat=\"{\">Este apartamento relaxante est\u00e1 situado na calma urbaniza\u00e7\u00e3o da Vila Senhora da Rocha, rodeado por amplos e belos jardins, com acesso a duas piscinas e uma piscina coberta, dois campos de t\u00e9nis e mini-golf. A Urbaniza\u00e7\u00e3o tem a praia de Nossa Senhora da Rocha a 5 minutos a p\u00e9 do apartamento.<\/span><\/p>","protected":false},"excerpt":{"rendered":"<p>Este apartamento relaxante est\u00e1 situado na calma urbaniza\u00e7\u00e3o da Vila Senhora da Rocha, rodeado por amplos e belos jardins, com acesso a duas piscinas e uma piscina coberta, dois campos de t\u00e9nis e mini-golf. A Urbaniza\u00e7\u00e3o tem a praia de Nossa Senhora da Rocha a 5 minutos a p\u00e9 do apartamento.<\/p>","protected":false},"featured_media":1175,"template":"","meta":{"_et_pb_use_builder":"off","_et_pb_old_content":"<span data-sheets-root=\"1\" data-sheets-value=\"{\"1\":2,\"2\":\"Apartamento relaxante situado na calma urbaniza\u00e7\u00e3o da Vila Senhora da Rocha, rodeado por amplos e belos jardins, com acesso a 2 piscinas e 1 piscina coberta, 1 campo de t\u00e9nis e mini-golf. A Urbaniza\u00e7\u00e3o tem a praia de Nossa Senhora da Rocha a 5 minutos a p\u00e9 do apartamento.\"}\" data-sheets-userformat=\"{\"2\":15023,\"3\":{\"1\":0},\"4\":{\"1\":2,\"2\":16777215},\"5\":{\"1\":[{\"1\":2,\"2\":0,\"5\":{\"1\":2,\"2\":0}},{\"1\":0,\"2\":0,\"3\":3},{\"1\":1,\"2\":0,\"4\":1}]},\"6\":{\"1\":[{\"1\":2,\"2\":0,\"5\":{\"1\":2,\"2\":0}},{\"1\":0,\"2\":0,\"3\":3},{\"1\":1,\"2\":0,\"4\":1}]},\"8\":{\"1\":[{\"1\":2,\"2\":0,\"5\":{\"1\":2,\"2\":0}},{\"1\":0,\"2\":0,\"3\":3},{\"1\":1,\"2\":0,\"4\":1}]},\"10\":2,\"12\":0,\"14\":{\"1\":2,\"2\":0},\"15\":\"Calibri, sans-serif\",\"16\":11}\">Este apartamento relaxante est\u00e1 situado na calma urbaniza\u00e7\u00e3o da Vila Senhora da Rocha, rodeado por amplos e belos jardins, com acesso a duas piscinas e uma piscina coberta, dois campos de t\u00e9nis e mini-golf. A Urbaniza\u00e7\u00e3o tem a praia de Nossa Senhora da Rocha a 5 minutos a p\u00e9 do apartamento.<\/span>\r\n\r\n[button link=\"#https:\/\/www.airbnb.pt\/rooms\/51245717\" type=\"icon\" color=\"black\" newwindow=\"yes\"] Check Availability[\/button]\r\n\r\n\u00a0","_et_gb_content_width":""},"product_cat":[38,19],"product_tag":[34],"class_list":{"0":"post-1174","1":"product","2":"type-product","3":"status-publish","4":"has-post-thumbnail","6":"product_cat-algarve","7":"product_cat-t2","8":"product_tag-t2","10":"first","11":"instock","12":"shipping-taxable","13":"product-type-simple"},"_links":{"self":[{"href":"https:\/\/www.tmliving.pt\/en\/wp-json\/wp\/v2\/product\/1174","targetHints":{"allow":["GET"]}}],"collection":[{"href":"https:\/\/www.tmliving.pt\/en\/wp-json\/wp\/v2\/product"}],"about":[{"href":"https:\/\/www.tmliving.pt\/en\/wp-json\/wp\/v2\/types\/product"}],"wp:featuredmedia":[{"embeddable":true,"href":"https:\/\/www.tmliving.pt\/en\/wp-json\/wp\/v2\/media\/1175"}],"wp:attachment":[{"href":"https:\/\/www.tmliving.pt\/en\/wp-json\/wp\/v2\/media?parent=1174"}],"wp:term":[{"taxonomy":"product_cat","embeddable":true,"href":"https:\/\/www.tmliving.pt\/en\/wp-json\/wp\/v2\/product_cat?post=1174"},{"taxonomy":"product_tag","embeddable":true,"href":"https:\/\/www.tmliving.pt\/en\/wp-json\/wp\/v2\/product_tag?post=1174"}],"curies":[{"name":"wp","href":"https:\/\/api.w.org\/{rel}","templated":true}]}}