{"id":63,"date":"2022-01-18T15:00:08","date_gmt":"2022-01-18T15:00:08","guid":{"rendered":"https:\/\/www.tmliving.pt\/?page_id=63"},"modified":"2024-04-01T12:08:18","modified_gmt":"2024-04-01T12:08:18","slug":"tornar-me-parceiro","status":"publish","type":"page","link":"https:\/\/www.tmliving.pt\/en\/tornar-me-parceiro\/","title":{"rendered":"Become a partner"},"content":{"rendered":"<p>[et_pb_section fb_built=&#8221;1&#8243; fullwidth=&#8221;on&#8221; _builder_version=&#8221;4.9.2&#8243; _module_preset=&#8221;default&#8221; background_color=&#8221;#353535&#8243; background_image=&#8221;https:\/\/www.tmliving.pt\/wp-content\/uploads\/2022\/11\/T2Belem-1-scaled.jpg&#8221; background_blend=&#8221;overlay&#8221; height=&#8221;250px&#8221;][\/et_pb_section][et_pb_section fb_built=&#8221;1&#8243; _builder_version=&#8221;4.9.2&#8243; _module_preset=&#8221;default&#8221;][et_pb_row _builder_version=&#8221;4.9.2&#8243; _module_preset=&#8221;default&#8221;][et_pb_column type=&#8221;4_4&#8243; _builder_version=&#8221;4.9.2&#8243; _module_preset=&#8221;default&#8221;][et_pb_text _builder_version=&#8221;4.9.2&#8243; _module_preset=&#8221;default&#8221;]<\/p>\n<h1>Torne-se nosso parceiro<\/h1>\n<p><span style=\"font-weight: 400;\">With the best technological tools on the market combined with a remarkable hospitality service, we guarantee both our partners and guests, the best results and experiences.\n\nA 360\u00ba service that covers all commercial and operational needs with a professional, dedicated, and personalized management 24\/7.\n\nWe establish partnerships of total trust\nand transparency that excel in rigor, demonstration of results and overcoming.\u00a0<\/span><\/p>\n<p><span style=\"font-weight: 400;\">A 360\u00ba service that covers all commercial and operational needs with a professional, dedicated, and personalized management 24\/7.<\/span><\/p>\n<p><span style=\"font-weight: 400;\">We establish partnerships of total trust <\/span><span style=\"font-weight: 400;\">and transparency that excel in rigor, demonstration of results and overcoming.\u00a0<\/span><\/p>\n<p>[\/et_pb_text][\/et_pb_column][\/et_pb_row][et_pb_row _builder_version=&#8221;4.9.2&#8243; _module_preset=&#8221;default&#8221;][et_pb_column type=&#8221;4_4&#8243; _builder_version=&#8221;4.9.2&#8243; _module_preset=&#8221;default&#8221;][et_pb_text _builder_version=&#8221;4.9.2&#8243; _module_preset=&#8221;default&#8221;]<\/p>\n<h1>Confian\u00e7a e Transpar\u00eancia<\/h1>\n<p>Na TML, esfor\u00e7amo-nos por cultivar parcerias baseadas em rela\u00e7\u00f5es fortes de confian\u00e7a e transpar\u00eancia. Damos prioridade \u00e0 comunica\u00e7\u00e3o, garantindo que os propriet\u00e1rios se sentem informados e confiantes nos nossos servi\u00e7os de gest\u00e3o.<\/p>\n<p>Atrav\u00e9s do Login de Propriet\u00e1rio, tem acesso ao desempenho do apartamento e aos detalhes das reservas.\u00a0<\/p>\n<p>[\/et_pb_text][\/et_pb_column][\/et_pb_row][et_pb_row column_structure=&#8221;1_4,1_4,1_4,1_4&#8243; _builder_version=&#8221;4.9.2&#8243; _module_preset=&#8221;default&#8221;][et_pb_column type=&#8221;1_4&#8243; _builder_version=&#8221;4.9.2&#8243; _module_preset=&#8221;default&#8221;][et_pb_accordion _builder_version=&#8221;4.9.2&#8243; _module_preset=&#8221;default&#8221; custom_margin=&#8221;|-8px||||&#8221;][et_pb_accordion_item open=&#8221;on&#8221; _builder_version=&#8221;4.9.2&#8243; _module_preset=&#8221;default&#8221;]<\/p>\n<h2><strong>Manuten\u00e7\u00e3o e Limpeza<\/strong><\/h2>\n<p>Os nossos servi\u00e7os de manuten\u00e7\u00e3o e limpeza garantem que a sua propriedade est\u00e1 sempre em \u00f3timas condi\u00e7\u00f5es. A nossa equipa dedicada preserva o seu apartamento, proporcionando uma experi\u00eancia sem problemas tanto para os propriet\u00e1rios como para os h\u00f3spedes.<\/p>\n<p>[\/et_pb_accordion_item][\/et_pb_accordion][\/et_pb_column][et_pb_column type=&#8221;1_4&#8243; _builder_version=&#8221;4.9.2&#8243; _module_preset=&#8221;default&#8221;][et_pb_accordion _builder_version=&#8221;4.9.2&#8243; _module_preset=&#8221;default&#8221; custom_margin=&#8221;|-17px||-8px||&#8221;][et_pb_accordion_item open=&#8221;on&#8221; _builder_version=&#8221;4.9.2&#8243; _module_preset=&#8221;default&#8221;]<\/p>\n<h2><strong>Pricing<\/strong><\/h2>\n<p>Utilizamos estrat\u00e9gias de pre\u00e7os din\u00e2micas para maximizar o rendimento do aluguer, mantendo-nos competitivos no mercado. A nossa equipa monitoriza continuamente as tend\u00eancias e ajustam diariamente os pre\u00e7os em conformidade com a performance do apartamento e mercado para otimizar as receitas dos propriet\u00e1rios.<\/p>\n<p>[\/et_pb_accordion_item][\/et_pb_accordion][\/et_pb_column][et_pb_column type=&#8221;1_4&#8243; _builder_version=&#8221;4.9.2&#8243; _module_preset=&#8221;default&#8221;][et_pb_accordion _builder_version=&#8221;4.9.2&#8243; _module_preset=&#8221;default&#8221; width=&#8221;111.4%&#8221; min_height=&#8221;479.4px&#8221; custom_margin=&#8221;|8px||2px||&#8221;][et_pb_accordion_item open=&#8221;on&#8221; _builder_version=&#8221;4.9.2&#8243; _module_preset=&#8221;default&#8221;]<\/p>\n<h2><strong>Check-In e Check-Out<\/strong><\/h2>\n<p>A nossa equipa est\u00e1 \u00e0 disposi\u00e7\u00e3o para dar as boas-vindas aos h\u00f3spedes a qualquer hora e oferecer qualquer assist\u00eancia necess\u00e1ria para garantir uma excelente estadia. Realizamos o acompanhamento personalizado e disponibilizamos servi\u00e7os extra antes e durante a estadia.<\/p>\n<p>[\/et_pb_accordion_item][\/et_pb_accordion][\/et_pb_column][et_pb_column type=&#8221;1_4&#8243; _builder_version=&#8221;4.9.2&#8243; _module_preset=&#8221;default&#8221;][et_pb_accordion _builder_version=&#8221;4.9.2&#8243; _module_preset=&#8221;default&#8221; width=&#8221;100%&#8221; custom_margin=&#8221;|-32px||||&#8221;][et_pb_accordion_item open=&#8221;on&#8221; _builder_version=&#8221;4.9.2&#8243; _module_preset=&#8221;default&#8221;]<\/p>\n<h2><strong>Apoio Legal e ao Investimento<\/strong><\/h2>\n<p>Oferecemos apoio legal para garantir a conformidade com os regulamentos locais e normas da ind\u00fastria. E ainda, orienta\u00e7\u00e3o especializada para proteger os seus interesses e investimentos garantindo uma experi\u00eancia de arrendamento tranquila.<\/p>\n<p>[\/et_pb_accordion_item][\/et_pb_accordion][\/et_pb_column][\/et_pb_row][et_pb_row _builder_version=&#8221;4.9.2&#8243; _module_preset=&#8221;default&#8221;][et_pb_column type=&#8221;4_4&#8243; _builder_version=&#8221;4.9.2&#8243; _module_preset=&#8221;default&#8221;][et_pb_text _builder_version=&#8221;4.9.2&#8243; _module_preset=&#8221;default&#8221; text_orientation=&#8221;center&#8221;]<\/p>\n<h1>Tabela de Servi\u00e7os<\/h1>\n<p>[\/et_pb_text][et_pb_image src=&#8221;https:\/\/www.tmliving.pt\/wp-content\/uploads\/2022\/02\/Apres-Institucional-TMR_ENG-quadro.jpg&#8221; title_text=&#8221;Apres-Institucional-TMR_ENG-quadro&#8221; _builder_version=&#8221;4.9.2&#8243; _module_preset=&#8221;default&#8221; background_color=&#8221;RGBA(0,0,0,0)&#8221; width=&#8221;70%&#8221; module_alignment=&#8221;center&#8221; box_shadow_style=&#8221;preset1&#8243; box_shadow_blur=&#8221;14px&#8221; box_shadow_color=&#8221;#dbdbdb&#8221;][\/et_pb_image][\/et_pb_column][\/et_pb_row][et_pb_row _builder_version=&#8221;4.9.2&#8243; _module_preset=&#8221;default&#8221;][et_pb_column type=&#8221;4_4&#8243; _builder_version=&#8221;4.9.2&#8243; _module_preset=&#8221;default&#8221;][et_pb_contact_form captcha=&#8221;off&#8221; title=&#8221;Para saber mais sobre ser um parceiro TML, preencha o formul\u00e1rio abaixo&#8221; submit_button_text=&#8221;Enviar&#8221; _builder_version=&#8221;4.9.2&#8243; _module_preset=&#8221;default&#8221; title_font=&#8221;|700|||||||&#8221; title_font_size=&#8221;18px&#8221; custom_button=&#8221;on&#8221; button_text_size=&#8221;12px&#8221;][et_pb_contact_field field_id=&#8221;Nome&#8221; field_title=&#8221;Nome&#8221; _builder_version=&#8221;4.9.2&#8243; button_text_size__hover_enabled=&#8221;off&#8221; button_one_text_size__hover_enabled=&#8221;off&#8221; button_two_text_size__hover_enabled=&#8221;off&#8221; button_text_color__hover_enabled=&#8221;off&#8221; button_one_text_color__hover_enabled=&#8221;off&#8221; button_two_text_color__hover_enabled=&#8221;off&#8221; button_border_width__hover_enabled=&#8221;off&#8221; button_one_border_width__hover_enabled=&#8221;off&#8221; button_two_border_width__hover_enabled=&#8221;off&#8221; button_border_color__hover_enabled=&#8221;off&#8221; button_one_border_color__hover_enabled=&#8221;off&#8221; button_two_border_color__hover_enabled=&#8221;off&#8221; button_border_radius__hover_enabled=&#8221;off&#8221; button_one_border_radius__hover_enabled=&#8221;off&#8221; button_two_border_radius__hover_enabled=&#8221;off&#8221; button_letter_spacing__hover_enabled=&#8221;off&#8221; button_one_letter_spacing__hover_enabled=&#8221;off&#8221; button_two_letter_spacing__hover_enabled=&#8221;off&#8221; button_bg_color__hover_enabled=&#8221;off&#8221; button_one_bg_color__hover_enabled=&#8221;off&#8221; button_two_bg_color__hover_enabled=&#8221;off&#8221;][\/et_pb_contact_field][et_pb_contact_field field_id=&#8221;email&#8221; field_title=&#8221;Endere\u00e7o de email&#8221; field_type=&#8221;email&#8221; _builder_version=&#8221;4.9.2&#8243; button_text_size__hover_enabled=&#8221;off&#8221; button_one_text_size__hover_enabled=&#8221;off&#8221; button_two_text_size__hover_enabled=&#8221;off&#8221; button_text_color__hover_enabled=&#8221;off&#8221; button_one_text_color__hover_enabled=&#8221;off&#8221; button_two_text_color__hover_enabled=&#8221;off&#8221; button_border_width__hover_enabled=&#8221;off&#8221; button_one_border_width__hover_enabled=&#8221;off&#8221; button_two_border_width__hover_enabled=&#8221;off&#8221; button_border_color__hover_enabled=&#8221;off&#8221; button_one_border_color__hover_enabled=&#8221;off&#8221; button_two_border_color__hover_enabled=&#8221;off&#8221; button_border_radius__hover_enabled=&#8221;off&#8221; button_one_border_radius__hover_enabled=&#8221;off&#8221; button_two_border_radius__hover_enabled=&#8221;off&#8221; button_letter_spacing__hover_enabled=&#8221;off&#8221; button_one_letter_spacing__hover_enabled=&#8221;off&#8221; button_two_letter_spacing__hover_enabled=&#8221;off&#8221; button_bg_color__hover_enabled=&#8221;off&#8221; button_one_bg_color__hover_enabled=&#8221;off&#8221; button_two_bg_color__hover_enabled=&#8221;off&#8221;][\/et_pb_contact_field][et_pb_contact_field field_id=&#8221;Informacoes&#8221; field_title=&#8221;Pedido de informa\u00e7\u00e3o&#8221; field_type=&#8221;text&#8221; fullwidth_field=&#8221;on&#8221; _builder_version=&#8221;4.9.2&#8243; button_text_size__hover_enabled=&#8221;off&#8221; button_one_text_size__hover_enabled=&#8221;off&#8221; button_two_text_size__hover_enabled=&#8221;off&#8221; button_text_color__hover_enabled=&#8221;off&#8221; button_one_text_color__hover_enabled=&#8221;off&#8221; button_two_text_color__hover_enabled=&#8221;off&#8221; button_border_width__hover_enabled=&#8221;off&#8221; button_one_border_width__hover_enabled=&#8221;off&#8221; button_two_border_width__hover_enabled=&#8221;off&#8221; button_border_color__hover_enabled=&#8221;off&#8221; button_one_border_color__hover_enabled=&#8221;off&#8221; button_two_border_color__hover_enabled=&#8221;off&#8221; button_border_radius__hover_enabled=&#8221;off&#8221; button_one_border_radius__hover_enabled=&#8221;off&#8221; button_two_border_radius__hover_enabled=&#8221;off&#8221; button_letter_spacing__hover_enabled=&#8221;off&#8221; button_one_letter_spacing__hover_enabled=&#8221;off&#8221; button_two_letter_spacing__hover_enabled=&#8221;off&#8221; button_bg_color__hover_enabled=&#8221;off&#8221; button_one_bg_color__hover_enabled=&#8221;off&#8221; button_two_bg_color__hover_enabled=&#8221;off&#8221;][\/et_pb_contact_field][\/et_pb_contact_form][\/et_pb_column][\/et_pb_row][\/et_pb_section]<\/p>","protected":false},"excerpt":{"rendered":"<p>[et_pb_section fb_built=&#8221;1&#8243; fullwidth=&#8221;on&#8221; _builder_version=&#8221;4.9.2&#8243; _module_preset=&#8221;default&#8221; background_color=&#8221;#353535&#8243; background_image=&#8221;https:\/\/www.tmliving.pt\/wp-content\/uploads\/2022\/11\/T2Belem-1-scaled.jpg&#8221; background_blend=&#8221;overlay&#8221; height=&#8221;250px&#8221;][\/et_pb_section][et_pb_section fb_built=&#8221;1&#8243; _builder_version=&#8221;4.9.2&#8243; _module_preset=&#8221;default&#8221;][et_pb_row _builder_version=&#8221;4.9.2&#8243; _module_preset=&#8221;default&#8221;][et_pb_column type=&#8221;4_4&#8243; _builder_version=&#8221;4.9.2&#8243; _module_preset=&#8221;default&#8221;][et_pb_text _builder_version=&#8221;4.9.2&#8243; _module_preset=&#8221;default&#8221;] Torne-se nosso parceiro Com as melhores ferramentas tecnol\u00f3gicas do mercado aliadas a um servi\u00e7o hoteleiro de excel\u00eancia, garantimos aos nossos parceiros as melhores experi\u00eancias e resultados.\u00a0 Um servic\u0327o 360\u00ba que cobre todas as necessidades comerciais e [&hellip;]<\/p>","protected":false},"author":1,"featured_media":0,"parent":0,"menu_order":0,"comment_status":"closed","ping_status":"closed","template":"","meta":{"_et_pb_use_builder":"on","_et_pb_old_content":"<!-- wp:divi\/placeholder \/-->","_et_gb_content_width":"","footnotes":""},"class_list":["post-63","page","type-page","status-publish","hentry"],"_links":{"self":[{"href":"https:\/\/www.tmliving.pt\/en\/wp-json\/wp\/v2\/pages\/63","targetHints":{"allow":["GET"]}}],"collection":[{"href":"https:\/\/www.tmliving.pt\/en\/wp-json\/wp\/v2\/pages"}],"about":[{"href":"https:\/\/www.tmliving.pt\/en\/wp-json\/wp\/v2\/types\/page"}],"author":[{"embeddable":true,"href":"https:\/\/www.tmliving.pt\/en\/wp-json\/wp\/v2\/users\/1"}],"replies":[{"embeddable":true,"href":"https:\/\/www.tmliving.pt\/en\/wp-json\/wp\/v2\/comments?post=63"}],"version-history":[{"count":21,"href":"https:\/\/www.tmliving.pt\/en\/wp-json\/wp\/v2\/pages\/63\/revisions"}],"predecessor-version":[{"id":1103,"href":"https:\/\/www.tmliving.pt\/en\/wp-json\/wp\/v2\/pages\/63\/revisions\/1103"}],"wp:attachment":[{"href":"https:\/\/www.tmliving.pt\/en\/wp-json\/wp\/v2\/media?parent=63"}],"curies":[{"name":"wp","href":"https:\/\/api.w.org\/{rel}","templated":true}]}}