{"id":1272,"date":"2026-03-04T15:44:56","date_gmt":"2026-03-04T15:44:56","guid":{"rendered":"https:\/\/www.tmliving.pt\/?page_id=1272"},"modified":"2026-03-04T17:31:21","modified_gmt":"2026-03-04T17:31:21","slug":"revenue-intelligence-360o","status":"publish","type":"page","link":"https:\/\/www.tmliving.pt\/en\/revenue-intelligence-360o\/","title":{"rendered":"Revenue Intelligence 360\u00ba"},"content":{"rendered":"<p>[et_pb_section fb_built=&#8221;1&#8243; fullwidth=&#8221;on&#8221; _builder_version=&#8221;4.9.2&#8243; _module_preset=&#8221;default&#8221; background_color=&#8221;#353535&#8243; background_image=&#8221;https:\/\/www.tmliving.pt\/wp-content\/uploads\/2022\/11\/T2Belem-1-scaled.jpg&#8221; background_blend=&#8221;overlay&#8221; height=&#8221;250px&#8221; hover_enabled=&#8221;0&#8243; sticky_enabled=&#8221;0&#8243;][et_pb_fullwidth_post_title _builder_version=&#8221;4.9.2&#8243; _module_preset=&#8221;default&#8221; admin_label=&#8221;Title &#8211; Revenue&#8221; hover_enabled=&#8221;0&#8243; sticky_enabled=&#8221;0&#8243; meta_text_color=&#8221;#FFFFFF&#8221; meta=&#8221;off&#8221;][\/et_pb_fullwidth_post_title][\/et_pb_section][et_pb_section fb_built=&#8221;1&#8243; _builder_version=&#8221;4.9.2&#8243; _module_preset=&#8221;default&#8221; hover_enabled=&#8221;0&#8243; sticky_enabled=&#8221;0&#8243;][et_pb_row _builder_version=&#8221;4.9.2&#8243; _module_preset=&#8221;default&#8221; column_structure=&#8221;1_2,1_2&#8243;][et_pb_column _builder_version=&#8221;4.9.2&#8243; _module_preset=&#8221;default&#8221; type=&#8221;1_2&#8243;][et_pb_cta title=&#8221;O Nosso Servi\u00e7o&#8221; button_text=&#8221;Click Here&#8221; _builder_version=&#8221;4.9.2&#8243; _module_preset=&#8221;default&#8221; hover_enabled=&#8221;0&#8243; sticky_enabled=&#8221;0&#8243;]<\/p>\n<p>Estrat\u00e9gia, an\u00e1lise e ajustes di\u00e1rios de pre\u00e7o para aumentar receita, ocupa\u00e7\u00e3o e valoriza\u00e7\u00e3o.<\/p>\n<p>[\/et_pb_cta][\/et_pb_column][et_pb_column type=&#8221;1_2&#8243; _builder_version=&#8221;4.9.2&#8243; _module_preset=&#8221;default&#8221;][et_pb_text _builder_version=&#8221;4.9.2&#8243; _module_preset=&#8221;default&#8221;]<\/p>\n<h1>Gest\u00e3o de Revenue &#8211; O nosso servi\u00e7o<\/h1>\n<p>Um servi\u00e7o de Revenue Intelligence 360\u00ba, focado em maximizar a rentabilidade de ativos de alojamento e hospitalidade atrav\u00e9s de decis\u00f5es de pre\u00e7o inteligentes, cont\u00ednuas e racionais.<\/p>\n<p>A nossa vis\u00e3o \u00e9 simples &#8211; substituir decis\u00f5es reativas e gen\u00e9ricas por pricing ativo, contextual e orientado a resultados reais.<br \/>N\u00e3o somos apenas tecnologia \u2014 somos um parceiro operacional que assume o controlo da gest\u00e3o de revenue at\u00e9 ao fim do processo, garantindo impacto direto na receita, na ocupa\u00e7\u00e3o e na valoriza\u00e7\u00e3o do ativo.<\/p>\n<p>[\/et_pb_text][\/et_pb_column][\/et_pb_row][et_pb_row _builder_version=&#8221;4.9.2&#8243; _module_preset=&#8221;default&#8221;][et_pb_column type=&#8221;4_4&#8243; _builder_version=&#8221;4.9.2&#8243; _module_preset=&#8221;default&#8221;][et_pb_text _builder_version=&#8221;4.9.2&#8243; _module_preset=&#8221;default&#8221;]<\/p>\n<h1>Confian\u00e7a e Transpar\u00eancia<\/h1>\n<p>Na TML, esfor\u00e7amo-nos por cultivar parcerias baseadas em rela\u00e7\u00f5es fortes de confian\u00e7a e transpar\u00eancia. Damos prioridade \u00e0 comunica\u00e7\u00e3o, garantindo que os propriet\u00e1rios se sentem informados e confiantes nos nossos servi\u00e7os de gest\u00e3o.<\/p>\n<p>Atrav\u00e9s do Login de Propriet\u00e1rio, tem acesso ao desempenho do apartamento e aos detalhes das reservas.\u00a0<\/p>\n<p>[\/et_pb_text][\/et_pb_column][\/et_pb_row][et_pb_row column_structure=&#8221;1_4,1_4,1_4,1_4&#8243; _builder_version=&#8221;4.9.2&#8243; _module_preset=&#8221;default&#8221;][et_pb_column type=&#8221;1_4&#8243; _builder_version=&#8221;4.9.2&#8243; _module_preset=&#8221;default&#8221;][et_pb_accordion _builder_version=&#8221;4.9.2&#8243; _module_preset=&#8221;default&#8221; custom_margin=&#8221;|-8px||||&#8221;][et_pb_accordion_item open=&#8221;on&#8221; _builder_version=&#8221;4.9.2&#8243; _module_preset=&#8221;default&#8221;]<\/p>\n<h2><strong>Manuten\u00e7\u00e3o e Limpeza<\/strong><\/h2>\n<p>Os nossos servi\u00e7os de manuten\u00e7\u00e3o e limpeza garantem que a sua propriedade est\u00e1 sempre em \u00f3timas condi\u00e7\u00f5es. A nossa equipa dedicada preserva o seu apartamento, proporcionando uma experi\u00eancia sem problemas tanto para os propriet\u00e1rios como para os h\u00f3spedes.<\/p>\n<p>[\/et_pb_accordion_item][\/et_pb_accordion][\/et_pb_column][et_pb_column type=&#8221;1_4&#8243; _builder_version=&#8221;4.9.2&#8243; _module_preset=&#8221;default&#8221;][et_pb_accordion _builder_version=&#8221;4.9.2&#8243; _module_preset=&#8221;default&#8221; custom_margin=&#8221;|-17px||-8px||&#8221;][et_pb_accordion_item open=&#8221;on&#8221; _builder_version=&#8221;4.9.2&#8243; _module_preset=&#8221;default&#8221;]<\/p>\n<h2><strong>Pricing<\/strong><\/h2>\n<p>Utilizamos estrat\u00e9gias de pre\u00e7os din\u00e2micas para maximizar o rendimento do aluguer, mantendo-nos competitivos no mercado. A nossa equipa monitoriza continuamente as tend\u00eancias e ajustam diariamente os pre\u00e7os em conformidade com a performance do apartamento e mercado para otimizar as receitas dos propriet\u00e1rios.<\/p>\n<p>[\/et_pb_accordion_item][\/et_pb_accordion][\/et_pb_column][et_pb_column type=&#8221;1_4&#8243; _builder_version=&#8221;4.9.2&#8243; _module_preset=&#8221;default&#8221;][et_pb_accordion _builder_version=&#8221;4.9.2&#8243; _module_preset=&#8221;default&#8221; width=&#8221;111.4%&#8221; min_height=&#8221;479.4px&#8221; custom_margin=&#8221;|8px||2px||&#8221;][et_pb_accordion_item open=&#8221;on&#8221; _builder_version=&#8221;4.9.2&#8243; _module_preset=&#8221;default&#8221;]<\/p>\n<h2><strong>Check-In e Check-Out<\/strong><\/h2>\n<p>A nossa equipa est\u00e1 \u00e0 disposi\u00e7\u00e3o para dar as boas-vindas aos h\u00f3spedes a qualquer hora e oferecer qualquer assist\u00eancia necess\u00e1ria para garantir uma excelente estadia. Realizamos o acompanhamento personalizado e disponibilizamos servi\u00e7os extra antes e durante a estadia.<\/p>\n<p>[\/et_pb_accordion_item][\/et_pb_accordion][\/et_pb_column][et_pb_column type=&#8221;1_4&#8243; _builder_version=&#8221;4.9.2&#8243; _module_preset=&#8221;default&#8221;][et_pb_accordion _builder_version=&#8221;4.9.2&#8243; _module_preset=&#8221;default&#8221; width=&#8221;100%&#8221; custom_margin=&#8221;|-32px||||&#8221;][et_pb_accordion_item open=&#8221;on&#8221; _builder_version=&#8221;4.9.2&#8243; _module_preset=&#8221;default&#8221;]<\/p>\n<h2><strong>Apoio Legal e ao Investimento<\/strong><\/h2>\n<p>Oferecemos apoio legal para garantir a conformidade com os regulamentos locais e normas da ind\u00fastria. E ainda, orienta\u00e7\u00e3o especializada para proteger os seus interesses e investimentos garantindo uma experi\u00eancia de arrendamento tranquila.<\/p>\n<p>[\/et_pb_accordion_item][\/et_pb_accordion][\/et_pb_column][\/et_pb_row][et_pb_row _builder_version=&#8221;4.9.2&#8243; _module_preset=&#8221;default&#8221;][et_pb_column type=&#8221;4_4&#8243; _builder_version=&#8221;4.9.2&#8243; _module_preset=&#8221;default&#8221;][et_pb_text _builder_version=&#8221;4.9.2&#8243; _module_preset=&#8221;default&#8221; text_orientation=&#8221;center&#8221;]<\/p>\n<h1>Tabela de Servi\u00e7os<\/h1>\n<p>[\/et_pb_text][et_pb_image src=&#8221;https:\/\/www.tmliving.pt\/wp-content\/uploads\/2022\/02\/Apres-Institucional-TMR_ENG-quadro.jpg&#8221; title_text=&#8221;Apres-Institucional-TMR_ENG-quadro&#8221; _builder_version=&#8221;4.9.2&#8243; _module_preset=&#8221;default&#8221; background_color=&#8221;RGBA(0,0,0,0)&#8221; width=&#8221;70%&#8221; module_alignment=&#8221;center&#8221; box_shadow_style=&#8221;preset1&#8243; box_shadow_blur=&#8221;14px&#8221; box_shadow_color=&#8221;#dbdbdb&#8221;][\/et_pb_image][\/et_pb_column][\/et_pb_row][et_pb_row _builder_version=&#8221;4.9.2&#8243; _module_preset=&#8221;default&#8221;][et_pb_column type=&#8221;4_4&#8243; _builder_version=&#8221;4.9.2&#8243; _module_preset=&#8221;default&#8221;][et_pb_contact_form captcha=&#8221;off&#8221; title=&#8221;Para saber mais sobre ser um parceiro TML, preencha o formul\u00e1rio abaixo&#8221; submit_button_text=&#8221;Enviar&#8221; _builder_version=&#8221;4.9.2&#8243; _module_preset=&#8221;default&#8221; title_font=&#8221;|700|||||||&#8221; title_font_size=&#8221;18px&#8221; custom_button=&#8221;on&#8221; button_text_size=&#8221;12px&#8221;][et_pb_contact_field field_id=&#8221;Nome&#8221; field_title=&#8221;Nome&#8221; _builder_version=&#8221;4.9.2&#8243; button_text_size__hover_enabled=&#8221;off&#8221; button_one_text_size__hover_enabled=&#8221;off&#8221; button_two_text_size__hover_enabled=&#8221;off&#8221; button_text_color__hover_enabled=&#8221;off&#8221; button_one_text_color__hover_enabled=&#8221;off&#8221; button_two_text_color__hover_enabled=&#8221;off&#8221; button_border_width__hover_enabled=&#8221;off&#8221; button_one_border_width__hover_enabled=&#8221;off&#8221; button_two_border_width__hover_enabled=&#8221;off&#8221; button_border_color__hover_enabled=&#8221;off&#8221; button_one_border_color__hover_enabled=&#8221;off&#8221; button_two_border_color__hover_enabled=&#8221;off&#8221; button_border_radius__hover_enabled=&#8221;off&#8221; button_one_border_radius__hover_enabled=&#8221;off&#8221; button_two_border_radius__hover_enabled=&#8221;off&#8221; button_letter_spacing__hover_enabled=&#8221;off&#8221; button_one_letter_spacing__hover_enabled=&#8221;off&#8221; button_two_letter_spacing__hover_enabled=&#8221;off&#8221; button_bg_color__hover_enabled=&#8221;off&#8221; button_one_bg_color__hover_enabled=&#8221;off&#8221; button_two_bg_color__hover_enabled=&#8221;off&#8221;][\/et_pb_contact_field][et_pb_contact_field field_id=&#8221;email&#8221; field_title=&#8221;Endere\u00e7o de email&#8221; field_type=&#8221;email&#8221; _builder_version=&#8221;4.9.2&#8243; button_text_size__hover_enabled=&#8221;off&#8221; button_one_text_size__hover_enabled=&#8221;off&#8221; button_two_text_size__hover_enabled=&#8221;off&#8221; button_text_color__hover_enabled=&#8221;off&#8221; button_one_text_color__hover_enabled=&#8221;off&#8221; button_two_text_color__hover_enabled=&#8221;off&#8221; button_border_width__hover_enabled=&#8221;off&#8221; button_one_border_width__hover_enabled=&#8221;off&#8221; button_two_border_width__hover_enabled=&#8221;off&#8221; button_border_color__hover_enabled=&#8221;off&#8221; button_one_border_color__hover_enabled=&#8221;off&#8221; button_two_border_color__hover_enabled=&#8221;off&#8221; button_border_radius__hover_enabled=&#8221;off&#8221; button_one_border_radius__hover_enabled=&#8221;off&#8221; button_two_border_radius__hover_enabled=&#8221;off&#8221; button_letter_spacing__hover_enabled=&#8221;off&#8221; button_one_letter_spacing__hover_enabled=&#8221;off&#8221; button_two_letter_spacing__hover_enabled=&#8221;off&#8221; button_bg_color__hover_enabled=&#8221;off&#8221; button_one_bg_color__hover_enabled=&#8221;off&#8221; button_two_bg_color__hover_enabled=&#8221;off&#8221;][\/et_pb_contact_field][et_pb_contact_field field_id=&#8221;Informacoes&#8221; field_title=&#8221;Pedido de informa\u00e7\u00e3o&#8221; field_type=&#8221;text&#8221; fullwidth_field=&#8221;on&#8221; _builder_version=&#8221;4.9.2&#8243; button_text_size__hover_enabled=&#8221;off&#8221; button_one_text_size__hover_enabled=&#8221;off&#8221; button_two_text_size__hover_enabled=&#8221;off&#8221; button_text_color__hover_enabled=&#8221;off&#8221; button_one_text_color__hover_enabled=&#8221;off&#8221; button_two_text_color__hover_enabled=&#8221;off&#8221; button_border_width__hover_enabled=&#8221;off&#8221; button_one_border_width__hover_enabled=&#8221;off&#8221; button_two_border_width__hover_enabled=&#8221;off&#8221; button_border_color__hover_enabled=&#8221;off&#8221; button_one_border_color__hover_enabled=&#8221;off&#8221; button_two_border_color__hover_enabled=&#8221;off&#8221; button_border_radius__hover_enabled=&#8221;off&#8221; button_one_border_radius__hover_enabled=&#8221;off&#8221; button_two_border_radius__hover_enabled=&#8221;off&#8221; button_letter_spacing__hover_enabled=&#8221;off&#8221; button_one_letter_spacing__hover_enabled=&#8221;off&#8221; button_two_letter_spacing__hover_enabled=&#8221;off&#8221; button_bg_color__hover_enabled=&#8221;off&#8221; button_one_bg_color__hover_enabled=&#8221;off&#8221; button_two_bg_color__hover_enabled=&#8221;off&#8221;][\/et_pb_contact_field][\/et_pb_contact_form][\/et_pb_column][\/et_pb_row][\/et_pb_section]<\/p>","protected":false},"excerpt":{"rendered":"<p>[et_pb_section fb_built=&#8221;1&#8243; fullwidth=&#8221;on&#8221; _builder_version=&#8221;4.9.2&#8243; _module_preset=&#8221;default&#8221; background_color=&#8221;#353535&#8243; background_image=&#8221;https:\/\/www.tmliving.pt\/wp-content\/uploads\/2022\/11\/T2Belem-1-scaled.jpg&#8221; background_blend=&#8221;overlay&#8221; height=&#8221;250px&#8221; hover_enabled=&#8221;0&#8243; sticky_enabled=&#8221;0&#8243;][et_pb_fullwidth_post_title _builder_version=&#8221;4.9.2&#8243; _module_preset=&#8221;default&#8221; admin_label=&#8221;Title &#8211; Revenue&#8221; hover_enabled=&#8221;0&#8243; sticky_enabled=&#8221;0&#8243; meta_text_color=&#8221;#FFFFFF&#8221; meta=&#8221;off&#8221;][\/et_pb_fullwidth_post_title][\/et_pb_section][et_pb_section fb_built=&#8221;1&#8243; _builder_version=&#8221;4.9.2&#8243; _module_preset=&#8221;default&#8221; hover_enabled=&#8221;0&#8243; sticky_enabled=&#8221;0&#8243;][et_pb_row _builder_version=&#8221;4.9.2&#8243; _module_preset=&#8221;default&#8221; column_structure=&#8221;1_2,1_2&#8243;][et_pb_column _builder_version=&#8221;4.9.2&#8243; _module_preset=&#8221;default&#8221; type=&#8221;1_2&#8243;][et_pb_cta title=&#8221;O Nosso Servi\u00e7o&#8221; button_text=&#8221;Click Here&#8221; _builder_version=&#8221;4.9.2&#8243; _module_preset=&#8221;default&#8221; hover_enabled=&#8221;0&#8243; sticky_enabled=&#8221;0&#8243;] Estrat\u00e9gia, an\u00e1lise e ajustes di\u00e1rios de pre\u00e7o para aumentar receita, ocupa\u00e7\u00e3o e valoriza\u00e7\u00e3o. [\/et_pb_cta][\/et_pb_column][et_pb_column type=&#8221;1_2&#8243; [&hellip;]<\/p>","protected":false},"author":1,"featured_media":0,"parent":0,"menu_order":0,"comment_status":"closed","ping_status":"closed","template":"","meta":{"_et_pb_use_builder":"on","_et_pb_old_content":"","_et_gb_content_width":"","footnotes":""},"class_list":["post-1272","page","type-page","status-publish","hentry"],"_links":{"self":[{"href":"https:\/\/www.tmliving.pt\/en\/wp-json\/wp\/v2\/pages\/1272","targetHints":{"allow":["GET"]}}],"collection":[{"href":"https:\/\/www.tmliving.pt\/en\/wp-json\/wp\/v2\/pages"}],"about":[{"href":"https:\/\/www.tmliving.pt\/en\/wp-json\/wp\/v2\/types\/page"}],"author":[{"embeddable":true,"href":"https:\/\/www.tmliving.pt\/en\/wp-json\/wp\/v2\/users\/1"}],"replies":[{"embeddable":true,"href":"https:\/\/www.tmliving.pt\/en\/wp-json\/wp\/v2\/comments?post=1272"}],"version-history":[{"count":5,"href":"https:\/\/www.tmliving.pt\/en\/wp-json\/wp\/v2\/pages\/1272\/revisions"}],"predecessor-version":[{"id":1283,"href":"https:\/\/www.tmliving.pt\/en\/wp-json\/wp\/v2\/pages\/1272\/revisions\/1283"}],"wp:attachment":[{"href":"https:\/\/www.tmliving.pt\/en\/wp-json\/wp\/v2\/media?parent=1272"}],"curies":[{"name":"wp","href":"https:\/\/api.w.org\/{rel}","templated":true}]}}